{"id":3,"date":"2019-10-31T09:33:35","date_gmt":"2019-10-31T09:33:35","guid":{"rendered":"https:\/\/granita-espressa.it\/?page_id=3"},"modified":"2020-01-11T18:09:39","modified_gmt":"2020-01-11T18:09:39","slug":"privacy-policy","status":"publish","type":"page","link":"https:\/\/granita-espressa.it\/?page_id=3","title":{"rendered":"Privacy Policy"},"content":{"rendered":"<div class=\"wpb-content-wrapper\"><p>[vc_row][vc_column][vc_column_text]<\/p>\r\n<p>In questa pagina si descrivono le modalit\u00e0 e le logiche del trattamento dei dati personali degli utenti (di seguito, anche gli utenti) che consultano il nostro sito. L\u2019informativa \u00e8 resa ai sensi dell\u2019art. 13 del D. Lgs. n. 196\/2003 \u2013 Codice in materia di protezione dei dati personali a tutti gli utenti che, interagendo con il Sito, forniscono alla Qgroup i propri dati personali.Il titolare del trattamento dei dati raccolti \u00e8:<\/p>\r\n<h4 class=\"wp-block-heading\">FeMi SRL<\/h4>\r\n<p>Sede:Via Per\u00f9 4<br \/>00071 Pomezia<br \/>P.I.13303881000<br \/>tel: 0691607081<br \/>Email titolare:commerciale@italianslowfood.com<\/p>\r\n<h4>TIPOLOGIE DI DATI RACCOLTI<\/h4>\r\n<p>Fra i Dati Personali raccolti da questa Applicazione, in modo autonomo o tramite terze parti, ci sono: Cookie, Dati di utilizzo, nome, numero di telefono, ragione sociale, provincia, email, citt\u00e0 e cognome. Dettagli completi su ciascuna tipologia di dati raccolti sono forniti nelle sezioni dedicate di questa privacy policy o mediante specifici testi informativi visualizzati prima della raccolta dei dati stessi. I Dati Personali possono essere liberamente forniti dall&#8217;Utente o, nel caso di Dati di Utilizzo, raccolti automaticamente durante l&#8217;uso di questa Applicazione. Se non diversamente specificato, tutti i Dati richiesti da questa Applicazione sono obbligatori. Se l\u2019Utente rifiuta di comunicarli, potrebbe essere impossibile per questa Applicazione fornire il Servizio. Nei casi in cui questa Applicazione indichi alcuni Dati come facoltatitivi, gli Utenti sono liberi di astenersi dal comunicare tali Dati, senza che ci\u00f2 abbia alcuna conseguenza sulla disponibilit\u00e0 del Servizio o sulla sua operativit\u00e0. Gli Utenti che dovessero avere dubbi su quali Dati siano obbligatori, sono incoraggiati a contattare il Titolare. L\u2019eventuale utilizzo di Cookie &#8211; o di altri strumenti di tracciamento &#8211; da parte di questa Applicazione o dei titolari dei servizi terzi utilizzati da questa Applicazione, ove non diversamente precisato, ha la finalit\u00e0 di fornire il Servizio richiesto dall&#8217;Utente, oltre alle ulteriori finalit\u00e0 descritte nel presente documento e nella Cookie Policy, se disponibile. L&#8217;Utente si assume la responsabilit\u00e0 dei Dati Personali di terzi ottenuti, pubblicati o condivisi mediante questa Applicazione e garantisce di avere il diritto di comunicarli o diffonderli, liberando il Titolare da qualsiasi responsabilit\u00e0 verso terzi.<\/p>\r\n<h4>MODALIT\u00c0 E LUOGO DEL TRATTAMENTO DEI DATI RACCOLTI<\/h4>\r\n<h4>MODALIT\u00c0 DI TRATTAMENTO<\/h4>\r\n<p>E&#8217; possibile inviare richieste e comunicazioni attraverso sia l\u2019 indirizzo di contatto riportato, che attraverso il form di contatto necessario per poter rispondere alle richieste di informazioni dell\u2019utenteIl Titolare adotta le opportune misure di sicurezza volte ad impedire l\u2019accesso, la divulgazione, la modifica o la distruzione non autorizzate dei Dati Personali. Il trattamento viene effettuato mediante strumenti informatici e\/o telematici, con modalit\u00e0 organizzative e con logiche strettamente correlate alle finalit\u00e0 indicate. Oltre al Titolare, in alcuni casi, potrebbero avere accesso ai Dati altri soggetti coinvolti nell\u2019organizzazione di questa Applicazione (personale amministrativo, commerciale, marketing, legali, amministratori di sistema) ovvero soggetti esterni (come fornitori di servizi tecnici terzi, corrieri postali, hosting provider, societ\u00e0 informatiche, agenzie di comunicazione) nominati anche, se necessario, Responsabili del Trattamento da parte del Titolare. L\u2019elenco aggiornato dei Responsabili potr\u00e0 sempre essere richiesto al Titolare del Trattamento..<\/p>\r\n<h4>BASE GIURIDICA DEL TRATTAMENTO<\/h4>\r\n<p>Il Titolare tratta Dati Personali relativi all\u2019Utente in caso sussista una delle seguenti condizioni: l\u2019Utente ha prestato il consenso per una o pi\u00f9 finalit\u00e0 specifiche; Nota: in alcuni ordinamenti il Titolare pu\u00f2 essere autorizzato a trattare Dati Personali senza che debba sussistere il consenso dell\u2019Utente o un\u2019altra delle basi giuridiche specificate di seguito, fino a quando l\u2019Utente non si opponga (\u201copt-out\u201d) a tale trattamento. Ci\u00f2 non \u00e8 tuttavia applicabile qualora il trattamento di Dati Personali sia regolato dalla legislazione europea in materia di protezione dei Dati Personali;<br \/>-il trattamento \u00e8 necessario all&#8217;esecuzione di un contratto con l\u2019Utente e\/o all&#8217;esecuzione di misure precontrattuali;<br \/>-il trattamento \u00e8 necessario per adempiere un obbligo legale al quale \u00e8 soggetto il Titolare;<br \/>-il trattamento \u00e8 necessario per l&#8217;esecuzione di un compito di interesse pubblico o per l&#8217;esercizio di pubblici poteri di cui \u00e8 investito il Titolare;<br \/>-il trattamento \u00e8 necessario per il perseguimento del legittimo interesse del Titolare o di terzi.<br \/>E\u2019 comunque sempre possibile richiedere al Titolare di chiarire la concreta base giuridica di ciascun trattamento ed in particolare di specificare se il trattamento sia basato sulla legge, previsto da un contratto o necessario per concludere un contratto.<\/p>\r\n<h4>LUOGO<\/h4>\r\n<p>I Dati sono trattati presso le sedi operative del Titolare ed in ogni altro luogo in cui le parti coinvolte nel trattamento siano localizzate. Per ulteriori informazioni, contatta il Titolare. I Dati Personali dell\u2019Utente potrebbero essere trasferiti in un paese diverso da quello in cui l\u2019Utente si trova. Per ottenere ulteriori informazioni sul luogo del trattamento l\u2019Utente pu\u00f2 fare riferimento alla sezione realtiva ai dettagli sul trattamento dei Dati Personali. In caso di superiore protezione, l\u2019Utente ha diritto a ottenere informazioni in merito alla base giuridica del trasferimento di Dati al di fuori dell\u2019Unione Europea o ad un\u2019organizzazione internazionale di diritto internazionale pubblico o costituita da due o pi\u00f9 paesi, come ad esempio l\u2019ONU, nonch\u00e9 in merito alle misure di sicurezza adottate dal Titolare per proteggere i Dati. Qualora abbia luogo uno dei trasferimenti appena descritti, l\u2019Utente pu\u00f2 fare riferimento alle rispettive sezioni di questo documento o chiedere informazioni al Titolare contattandolo agli estremi riportati in apertura.<\/p>\r\n<p><strong>PERIODO DI CONSERVAZIONE<\/strong><\/p>\r\n<p>I Dati sono trattati e conservati per il tempo richiesto dalle finalit\u00e0 per le quali sono stati raccolti. Pertanto:<\/p>\r\n<ul>I Dati Personali raccolti per scopi collegati all\u2019esecuzione di un contratto tra il Titolare e l\u2019Utente saranno trattenuti sino a quando sia completata l\u2019esecuzione di tale contratto.<\/ul>\r\n<ul>I Dati Personali raccolti per finalit\u00e0 riconducibili all\u2019interesse legittimo del Titolare saranno trattenuti sino al soddisfacimento di tale interesse. L\u2019Utente pu\u00f2 ottenere ulteriori informazioni in merito all\u2019interesse legittimo perseguito dal Titolare nelle relative sezioni di questo documento o contattando il Titolare.<\/ul>\r\n<p>Quando il trattamento \u00e8 basato sul consenso dell\u2019Utente, il Titolare pu\u00f2 conservare i Dati Personali pi\u00f9 a lungo sino a quando detto consenso non venga revocato. Inoltre il Titolare potrebbe essere obbligato a conservare i Dati Personali per un periodo pi\u00f9 lungo in ottemperanza ad un obbligo di legge o per ordine di un\u2019autorit\u00e0. Al termine del periodo di conservazioni i Dati Personali saranno cancellati. Pertanto, allo spirare di tale termine il diritto di accesso, cancellazione, rettificazione ed il diritto alla portabilit\u00e0 dei Dati non potranno pi\u00f9 essere esercitati.<\/p>\r\n<h4>FINALIT\u00c0 DEL TRATTAMENTO DEI DATI RACCOLTI<\/h4>\r\n<p>I Dati dell\u2019Utente sono raccolti per consentire al Titolare di fornire i propri Servizi, cos\u00ec come per le seguenti finalit\u00e0: Statistica, Visualizzazione di contenuti da piattaforme esterne e Contattare l&#8217;Utente. Per ottenere ulteriori informazioni dettagliate sulle finalit\u00e0 del trattamento e sui Dati Personali concretamente rilevanti per ciascuna finalit\u00e0, l\u2019Utente pu\u00f2 fare riferimento alle relative sezioni di questo documento.<\/p>\r\n<h4>DETTAGLI SUL TRATTAMENTO DEI DATI PERSONALI<\/h4>\r\n<p>I Dati Personali sono raccolti per le seguenti finalit\u00e0 ed utilizzando i seguenti servizi:<\/p>\r\n<p><strong>Contatta l&#8217;utente: Modulo di contatto<\/strong><br \/>L\u2019Utente, compilando con i propri Dati il modulo di contatto, acconsente al loro utilizzo per rispondere alle richieste di informazioni, di preventivo, o di qualunque altra natura indicata dall\u2019intestazione del modulo. Dati Personali raccolti: citt\u00e0, email, nome, numero di telefono, provincia e ragione sociale.<\/p>\r\n<p><strong>Mailing list o Newsletter<\/strong><\/p>\r\n<p>Con la registrazione alla mailing list o alla newsletter, l\u2019indirizzo email dell\u2019Utente viene automaticamente inserito in una lista di contatti a cui potranno essere trasmessi messaggi email contenenti informazioni, anche di natura commerciale e promozionale, relative a questa Applicazione. L&#8217;indirizzo email dell&#8217;Utente potrebbe anche essere aggiunto a questa lista come risultato della registrazione a questa Applicazione o dopo aver effettuato un acquisto. Dati Personali raccolti: citt\u00e0, cognome, email, nome, numero di telefono e ragione sociale.<\/p>\r\n<h4>VISUALIZZAZIONE DI CONTENUTI DA PIATTAFORME ESTERNE<\/h4>\r\n<p>Questo tipo di servizi permette di visualizzare contenuti ospitati su piattaforme esterne direttamente dalle pagine di questa Applicazione e di interagire con essi. Nel caso in cui sia installato un servizio di questo tipo, \u00e8 possibile che, anche nel caso gli Utenti non utilizzino il servizio, lo stesso raccolga dati di traffico relativi alle pagine in cui \u00e8 installato.<br \/>Widget Video YouTube (Google Inc.) YouTube \u00e8 un servizio di visualizzazione di contenuti video gestito da Google Inc. che permette a questa Applicazione di integrare tali contenuti all\u2019interno delle proprie pagine. Dati Personali raccolti: Cookie e Dati di utilizzo Luogo del trattamento: USA\u00a0<a href=\"http:\/\/www.google.it\/intl\/it\/policies\/privacy\/\">Privacy Policy<\/a><\/p>\r\n<h4>STATISTICA<\/h4>\r\n<p>I servizi contenuti nella presente sezione permettono al Titolare del Trattamento di monitorare e analizzare i dati di traffico e servono a tener traccia del comportamento dell\u2019Utente.<br \/><strong>Google Analytics (Google Inc.)<\/strong><br \/>Google Analytics \u00e8 un servizio di analisi web fornito da Google Inc. (\u201cGoogle\u201d). Google utilizza i Dati Personali raccolti allo scopo di tracciare ed esaminare l\u2019utilizzo di questa Applicazione, compilare report e condividerli con gli altri servizi sviluppati da Google. Google potrebbe utilizzare i Dati Personali per contestualizzare e personalizzare gli annunci del proprio network pubblicitario. Dati Personali raccolti: Cookie e Dati di utilizzo. Luogo del trattamento : USA \u2013\u00a0<a href=\"https:\/\/policies.google.com\/privacy?hl=it\">Privacy Policy\u00a0<\/a>\u2013\u00a0<a href=\"https:\/\/tools.google.com\/dlpage\/gaoptout?hl=it\">Opt Out<\/a><\/p>\r\n<h4>NEGOZIO ELETTRONICO<\/h4>\r\n<p><strong>Woocommerce<\/strong><\/p>\r\n<p>Mentre visiti il nostro sito, tracciamo:<\/p>\r\n<p>I prodotti che hai visualizzato: utilizzeremo queste informazioni per, ad esempio, mostrarti i prodotti che hai visualizzato di recente<\/p>\r\n<p>Posizione, indirizzo IO e tipo di browser: useremo queste informazioni per una stima di imposte e spedizione<br \/>Indirizzo di spedizione: ti chiederemo di inserirlo per, ad esempio, stimare la spedizione prima che tu effettui l\u2019ordine.<br \/>Useremo i cookie anche per tenere traccia del contenuto del carrello mentre stai navigando sul nostro sito.<\/p>\r\n<p>Quando effettui un acquisto presso di noi, ti invitiamo a fornire informazioni quali nome, indirizzo di fatturazione, indirizzo di spedizione, indirizzo e-mail, numero di telefono, numero di carta di credito\/dettagli del pagamento e informazioni opzionali sull\u2019account, come il nome utente e la password. Useremo queste informazioni per scopi quali:<\/p>\r\n<ul>\r\n<li>Ti inviamo informazioni sull\u2019account e sull\u2019ordine<\/li>\r\n<li>Rispondiamo alle tue richieste, inclusi reclami e rimborsi<\/li>\r\n<li>Elaborazione dei pagamenti e prevenzione delle frodi<\/li>\r\n<li>Configura il tuo account per il nostro negozio<\/li>\r\n<li>Rispetta tutti gli obblighi legali a nostro carico, come il calcolo delle imposte<\/li>\r\n<li>Migliora le offerte del nostro negozio<\/li>\r\n<li>Invio di messaggi di marketing, se scegli di riceverli<\/li>\r\n<\/ul>\r\n<p>Se crei un account, archivieremo il tuo nome, indirizzo, email e numero di telefono: questi dati verranno poi usati per popolare la cassa nei tuoi ordini futuri.<\/p>\r\n<p>In generale conserviamo le tue informazioni finch\u00e9 ne abbiamo bisogno per le finalit\u00e0 per le quali raccogliamo e utilizziamo i dati e finch\u00e9 siamo legalmente tenuti a continuare a mantenerli. Ad esempio, archiviamo le informazioni sull\u2019ordine per 1 anno per ragioni fiscali e di contabilit\u00e0. Tali informazioni includono nome, indirizzo e-mail e indirizzi di fatturazione e spedizione. Archiviamo anche commenti e recensioni, se scegli di lasciarceli.<\/p>\r\n<p><strong>Cosa condividiamo con gli altri<\/strong><br \/>Servizio di Spedizione: Nome, cognome e indirizzo<\/p>\r\n<p>Condividiamo le informazioni con terze parti che ci aiutano a fornire servizi del negozio e per gli ordini; ad esempio<\/p>\r\n<p><strong>PAGAMENTI<\/strong><br \/>Accettiamo pagamenti tramite PayPal. Durante l&#8217;elaborazione dei pagamenti, alcuni dati vengono trasferiti a PayPal, incluse le informazioni necessarie per elaborare o supportare il pagamento, come il totale degli acquisti e i dati di fatturazione.<\/p>\r\n<p>Per ulteriori dettagli, consulta la privacy policy di <a href=\"https:\/\/www.paypal.com\/us\/webapps\/mpp\/ua\/privacy-full\">PayPal<\/a><\/p>\r\n<h4><strong>DIRITTI DELL\u2019UTENTE<\/strong><\/h4>\r\n<p>Gli Utenti possono esercitare determinati diritti con riferimento ai Dati trattati dal Titolare. In caso di superiore protezione, l\u2019Utente pu\u00f2 esercitare tutti i diritti riportati di seguito. In ogni altro caso, l\u2019Utente pu\u00f2 contattare il titolare per scoprire quali diritti siano applicabili nel suo caso e come esercitarli. In particolare, l\u2019Utente ha il diritto di:<br \/>-revocare il consenso in ogni momento. L\u2019Utente pu\u00f2 revocare il consenso al trattamento dei propri Dati Personali precedentemente espresso.<br \/>-opporsi al trattamento dei propri Dati. L\u2019Utente pu\u00f2 opporsi al trattamento dei propri Dati quando esso avviene su una base giuridica diversa dal consenso. Ulteriori dettagli sul diritto di opposizione sono indicati nella sezione sottostante.<br \/>-accedere ai propri Dati. L\u2019Utente ha diritto ad ottenere informazioni sui Dati trattati dal Titolare, su detereminati aspetti del trattamento ed a ricevere una copia dei Dati trattati.<br \/>-verificare e chiedere la rettificazione. L\u2019Utente pu\u00f2 verificare la correttezza dei propri Dati e richiederne l\u2019aggiornamento o la correzione.<br \/>-ottenere la limitazione del trattamento. Quando ricorrono determinate condizioni, l\u2019Utente pu\u00f2 richiedere la limitazione del trattamento dei propri Dati. In tal caso il Titolare non tratter\u00e0 i Dati per alcun altro scopo se non la loro conservazione.<br \/>-ottenere la cancellazione o rimozione dei propri Dati Personali. Quando ricorrono determinate condizioni, l\u2019Utente pu\u00f2 richiedere la cancellazione dei propri Dati da parte del Titolare.<br \/>-ricevere i propri Dati o farli trasferire ad altro titolare. L\u2019Utente ha diritto di ricevere i propri Dati in formato strutturato, di uso comune e leggibile da dispositivo automatico e, ove tecnicamente fattibile, di ottenerne il trasferimento senza ostacoli ad un altro titolare. Questa disposizione \u00e8 applicabile quando i Dati sono trattati con strumenti automatizzati ed il trattamento \u00e8 basato sul consenso dell\u2019Utente, su un contratto di cui l\u2019Utente \u00e8 parte o su misure contrattuali ad esso connesse.<br \/>-proporre reclamo. L\u2019Utente pu\u00f2 proporre un reclamo all\u2019autorit\u00e0 di controllo della protezione dei dati personali competente o agire in sede giudiziale.<\/p>\r\n<h4>DETTAGLI SUL DIRITTO DI OPPOSIZIONE<\/h4>\r\n<p>Quando i Dati Personali sono trattati nell\u2019interesse pubblico, nell\u2019esercizio di pubblici poteri di cui \u00e8 investito il Titolare oppure per perseguire un interesse legittimo del Titolare, gli Utenti hanno diritto ad opporsi al trattamento per motivi connessi alla loro situazione particolare. Si fa presente agli Utenti che, ove i loro Dati fossero trattati con finalit\u00e0 di marketing diretto, possono opporsi al trattamento senza fornire alcuna motivazione. Per scoprire se il Titolare tratti dati con finalit\u00e0 di marketing diretto gli Utenti possono fare riferimento alle rispettive sezioni di questo documento.<\/p>\r\n<h4>COME ESERCITARE I DIRITTI<\/h4>\r\n<p>Per esercitare i diritti dell\u2019Utente, gli Utenti possono indirizzare una richiesta agli estremi di contatto del Titolare indicati in questo documento. Le richieste sono depositate a titolo gratuito e evase dal Titolare nel pi\u00f9 breve tempo possibile, in ogni caso entro un mese.<\/p>\r\n<h4>APPLICABILIT\u00c0 DEL LIVELLO SUPERIORE DI PROTEZIONE<\/h4>\r\n<p>Mentre la maggior parte delle disposizioni di questo documento vale nei confronti di tutti gli Utenti, alcune sono espressamente assoggettate all\u2019applicabilit\u00e0 di un livello superiore di protezione al trattamento di Dati Personali. Tale livello superiore di protezione \u00e8 sempre garantito quando il trattamento: \u00e8 eseguito da un Titolare con sede nella UE; ovvero Italia riguarda Dati Personali di Utenti che si trovano nella UE ed \u00e8 funzionale all\u2019offerta di beni o servizi a titolo oneroso o gratuito a tali Utenti; ovvero Italia riguarda Dati Personali di Utenti che si trovano nella UE e permette al Titolare di monitorare il comportamento di tali Utenti nella misura in cui tale comportamento ha luogo all&#8217;interno dell&#8217;Unione.<\/p>\r\n<p>[\/vc_column_text][\/vc_column][\/vc_row]<\/p><\/div>","protected":false},"excerpt":{"rendered":"<p>[vc_row][vc_column][vc_column_text] In questa pagina si descrivono le modalit\u00e0 e le logiche del trattamento dei dati personali degli utenti (di seguito, anche gli utenti) che consultano il nostro sito. L\u2019informativa \u00e8 resa ai sensi dell\u2019art. 13 del D. Lgs. n. 196\/2003 \u2013 Codice in materia di protezione dei dati personali a tutti gli utenti che, interagendo&hellip;<\/p>\n","protected":false},"author":1,"featured_media":0,"parent":0,"menu_order":0,"comment_status":"closed","ping_status":"closed","template":"","meta":{"footnotes":""},"class_list":["post-3","page","type-page","status-publish","hentry","description-off"],"aioseo_notices":[],"_links":{"self":[{"href":"https:\/\/granita-espressa.it\/index.php?rest_route=\/wp\/v2\/pages\/3","targetHints":{"allow":["GET"]}}],"collection":[{"href":"https:\/\/granita-espressa.it\/index.php?rest_route=\/wp\/v2\/pages"}],"about":[{"href":"https:\/\/granita-espressa.it\/index.php?rest_route=\/wp\/v2\/types\/page"}],"author":[{"embeddable":true,"href":"https:\/\/granita-espressa.it\/index.php?rest_route=\/wp\/v2\/users\/1"}],"replies":[{"embeddable":true,"href":"https:\/\/granita-espressa.it\/index.php?rest_route=%2Fwp%2Fv2%2Fcomments&post=3"}],"version-history":[{"count":3,"href":"https:\/\/granita-espressa.it\/index.php?rest_route=\/wp\/v2\/pages\/3\/revisions"}],"predecessor-version":[{"id":2460,"href":"https:\/\/granita-espressa.it\/index.php?rest_route=\/wp\/v2\/pages\/3\/revisions\/2460"}],"wp:attachment":[{"href":"https:\/\/granita-espressa.it\/index.php?rest_route=%2Fwp%2Fv2%2Fmedia&parent=3"}],"curies":[{"name":"wp","href":"https:\/\/api.w.org\/{rel}","templated":true}]}}